{"id":21434,"date":"2019-12-13T16:08:49","date_gmt":"2019-12-13T16:08:49","guid":{"rendered":"https:\/\/www.trustyourgoods.com\/?page_id=21434"},"modified":"2020-06-23T17:47:32","modified_gmt":"2020-06-23T17:47:32","slug":"impressum","status":"publish","type":"page","link":"https:\/\/www.ttrust.eu\/fr\/impressum\/","title":{"rendered":"Impressum"},"content":{"rendered":"<p class=\"qtranxs-available-languages-message qtranxs-available-languages-message-fr\">D\u00e9sol\u00e9, cet article est seulement disponible en <a href=\"https:\/\/www.ttrust.eu\/de\/wp-json\/wp\/v2\/pages\/21434\" class=\"qtranxs-available-language-link qtranxs-available-language-link-de\" title=\"Deutsch\">Allemand<\/a> et <a href=\"https:\/\/www.ttrust.eu\/en\/wp-json\/wp\/v2\/pages\/21434\" class=\"qtranxs-available-language-link qtranxs-available-language-link-en\" title=\"English\">Anglais Am\u00e9ricain<\/a>.<\/p>","protected":false},"excerpt":{"rendered":"D\u00e9sol\u00e9, cet article est seulement disponible en Allemand et Anglais Am\u00e9ricain.","protected":false},"author":3,"featured_media":0,"parent":0,"menu_order":0,"comment_status":"closed","ping_status":"closed","template":"","meta":[],"yoast_head":"<!-- This site is optimized with the Yoast SEO plugin v18.3 - https:\/\/yoast.com\/wordpress\/plugins\/seo\/ -->\n<title>Impressum | TTRUST<\/title>\n<meta name=\"robots\" content=\"noindex, nofollow\" \/>\n<meta property=\"og:locale\" content=\"fr_FR\" \/>\n<meta property=\"og:type\" content=\"article\" \/>\n<meta property=\"og:title\" content=\"Impressum | TTRUST\" \/>\n<meta property=\"og:url\" content=\"https:\/\/www.ttrust.eu\/impressum\/\" \/>\n<meta property=\"og:site_name\" content=\"TTRUST\" \/>\n<meta property=\"article:publisher\" content=\"https:\/\/www.facebook.com\/blockgin.original\/\" \/>\n<meta property=\"article:modified_time\" content=\"2020-06-23T17:47:32+00:00\" \/>\n<meta name=\"twitter:card\" content=\"summary_large_image\" \/>\n<meta name=\"twitter:label1\" content=\"Dur\u00e9e de lecture estim\u00e9e\" \/>\n\t<meta name=\"twitter:data1\" content=\"8 minutes\" \/>\n<script type=\"application\/ld+json\" class=\"yoast-schema-graph\">{\"@context\":\"https:\/\/schema.org\",\"@graph\":[{\"@type\":\"Organization\",\"@id\":\"https:\/\/www.ttrust.eu\/en\/#organization\",\"name\":\"BLOCKGIN\",\"url\":\"https:\/\/www.ttrust.eu\/en\/\",\"sameAs\":[\"https:\/\/www.facebook.com\/blockgin.original\/\",\"https:\/\/www.instagram.com\/blockgin.austria\/\",\"https:\/\/www.linkedin.com\/company\/blockgin\/\"],\"logo\":{\"@type\":\"ImageObject\",\"@id\":\"https:\/\/www.ttrust.eu\/en\/#logo\",\"inLanguage\":\"fr-FR\",\"url\":\"\",\"contentUrl\":\"\",\"caption\":\"BLOCKGIN\"},\"image\":{\"@id\":\"https:\/\/www.ttrust.eu\/en\/#logo\"}},{\"@type\":\"WebSite\",\"@id\":\"https:\/\/www.ttrust.eu\/en\/#website\",\"url\":\"https:\/\/www.ttrust.eu\/en\/\",\"name\":\"BlockGin Austrian Premium Gin\",\"description\":\"Track. Protect. Secure.\",\"publisher\":{\"@id\":\"https:\/\/www.ttrust.eu\/en\/#organization\"},\"potentialAction\":[{\"@type\":\"SearchAction\",\"target\":{\"@type\":\"EntryPoint\",\"urlTemplate\":\"https:\/\/www.ttrust.eu\/en\/?s={search_term_string}\"},\"query-input\":\"required name=search_term_string\"}],\"inLanguage\":\"fr-FR\"},{\"@type\":\"WebPage\",\"@id\":\"https:\/\/www.ttrust.eu\/impressum\/#webpage\",\"url\":\"https:\/\/www.ttrust.eu\/impressum\/\",\"name\":\"Impressum | TTRUST\",\"isPartOf\":{\"@id\":\"https:\/\/www.ttrust.eu\/en\/#website\"},\"datePublished\":\"2019-12-13T16:08:49+00:00\",\"dateModified\":\"2020-06-23T17:47:32+00:00\",\"breadcrumb\":{\"@id\":\"https:\/\/www.ttrust.eu\/impressum\/#breadcrumb\"},\"inLanguage\":\"fr-FR\",\"potentialAction\":[{\"@type\":\"ReadAction\",\"target\":[\"https:\/\/www.ttrust.eu\/impressum\/\"]}]},{\"@type\":\"BreadcrumbList\",\"@id\":\"https:\/\/www.ttrust.eu\/impressum\/#breadcrumb\",\"itemListElement\":[{\"@type\":\"ListItem\",\"position\":1,\"name\":\"Startseite\",\"item\":\"https:\/\/www.ttrust.eu\/\"},{\"@type\":\"ListItem\",\"position\":2,\"name\":\"Impressum\"}]}]}<\/script>\n<!-- \/ Yoast SEO plugin. -->","yoast_head_json":{"title":"Impressum | TTRUST","robots":{"index":"noindex","follow":"nofollow"},"og_locale":"fr_FR","og_type":"article","og_title":"Impressum | TTRUST","og_url":"https:\/\/www.ttrust.eu\/impressum\/","og_site_name":"TTRUST","article_publisher":"https:\/\/www.facebook.com\/blockgin.original\/","article_modified_time":"2020-06-23T17:47:32+00:00","twitter_card":"summary_large_image","twitter_misc":{"Dur\u00e9e de lecture estim\u00e9e":"8 minutes"},"schema":{"@context":"https:\/\/schema.org","@graph":[{"@type":"Organization","@id":"https:\/\/www.ttrust.eu\/en\/#organization","name":"BLOCKGIN","url":"https:\/\/www.ttrust.eu\/en\/","sameAs":["https:\/\/www.facebook.com\/blockgin.original\/","https:\/\/www.instagram.com\/blockgin.austria\/","https:\/\/www.linkedin.com\/company\/blockgin\/"],"logo":{"@type":"ImageObject","@id":"https:\/\/www.ttrust.eu\/en\/#logo","inLanguage":"fr-FR","url":"","contentUrl":"","caption":"BLOCKGIN"},"image":{"@id":"https:\/\/www.ttrust.eu\/en\/#logo"}},{"@type":"WebSite","@id":"https:\/\/www.ttrust.eu\/en\/#website","url":"https:\/\/www.ttrust.eu\/en\/","name":"BlockGin Austrian Premium Gin","description":"Track. Protect. Secure.","publisher":{"@id":"https:\/\/www.ttrust.eu\/en\/#organization"},"potentialAction":[{"@type":"SearchAction","target":{"@type":"EntryPoint","urlTemplate":"https:\/\/www.ttrust.eu\/en\/?s={search_term_string}"},"query-input":"required name=search_term_string"}],"inLanguage":"fr-FR"},{"@type":"WebPage","@id":"https:\/\/www.ttrust.eu\/impressum\/#webpage","url":"https:\/\/www.ttrust.eu\/impressum\/","name":"Impressum | TTRUST","isPartOf":{"@id":"https:\/\/www.ttrust.eu\/en\/#website"},"datePublished":"2019-12-13T16:08:49+00:00","dateModified":"2020-06-23T17:47:32+00:00","breadcrumb":{"@id":"https:\/\/www.ttrust.eu\/impressum\/#breadcrumb"},"inLanguage":"fr-FR","potentialAction":[{"@type":"ReadAction","target":["https:\/\/www.ttrust.eu\/impressum\/"]}]},{"@type":"BreadcrumbList","@id":"https:\/\/www.ttrust.eu\/impressum\/#breadcrumb","itemListElement":[{"@type":"ListItem","position":1,"name":"Startseite","item":"https:\/\/www.ttrust.eu\/"},{"@type":"ListItem","position":2,"name":"Impressum"}]}]}},"_links":{"self":[{"href":"https:\/\/www.ttrust.eu\/fr\/wp-json\/wp\/v2\/pages\/21434"}],"collection":[{"href":"https:\/\/www.ttrust.eu\/fr\/wp-json\/wp\/v2\/pages"}],"about":[{"href":"https:\/\/www.ttrust.eu\/fr\/wp-json\/wp\/v2\/types\/page"}],"author":[{"embeddable":true,"href":"https:\/\/www.ttrust.eu\/fr\/wp-json\/wp\/v2\/users\/3"}],"replies":[{"embeddable":true,"href":"https:\/\/www.ttrust.eu\/fr\/wp-json\/wp\/v2\/comments?post=21434"}],"version-history":[{"count":12,"href":"https:\/\/www.ttrust.eu\/fr\/wp-json\/wp\/v2\/pages\/21434\/revisions"}],"predecessor-version":[{"id":22360,"href":"https:\/\/www.ttrust.eu\/fr\/wp-json\/wp\/v2\/pages\/21434\/revisions\/22360"}],"wp:attachment":[{"href":"https:\/\/www.ttrust.eu\/fr\/wp-json\/wp\/v2\/media?parent=21434"}],"curies":[{"name":"wp","href":"https:\/\/api.w.org\/{rel}","templated":true}]}}